{"id":326,"date":"2021-02-08T18:15:13","date_gmt":"2021-02-08T18:15:13","guid":{"rendered":"https:\/\/casasmexico.mx\/?page_id=326"},"modified":"2025-04-10T23:17:46","modified_gmt":"2025-04-10T23:17:46","slug":"quienes-somos","status":"publish","type":"page","link":"https:\/\/casasmexico.mx\/?page_id=326","title":{"rendered":"Quienes somos"},"content":{"rendered":"\t\t<div data-elementor-type=\"wp-page\" data-elementor-id=\"326\" class=\"elementor elementor-326\" data-elementor-post-type=\"page\">\n\t\t\t\t\t\t<section class=\"elementor-section elementor-top-section elementor-element elementor-element-3f9ad2b7 elementor-section-boxed elementor-section-height-default elementor-section-height-default\" data-id=\"3f9ad2b7\" data-element_type=\"section\" data-e-type=\"section\" data-settings=\"{&quot;background_background&quot;:&quot;classic&quot;,&quot;sticky&quot;:&quot;top&quot;,&quot;sticky_on&quot;:[&quot;desktop&quot;,&quot;tablet&quot;,&quot;mobile&quot;],&quot;sticky_offset&quot;:0,&quot;sticky_effects_offset&quot;:0,&quot;sticky_anchor_link_offset&quot;:0}\">\n\t\t\t\t\t\t<div class=\"elementor-container elementor-column-gap-default\">\n\t\t\t\t\t<div class=\"elementor-column elementor-col-50 elementor-top-column elementor-element elementor-element-3f86e129\" data-id=\"3f86e129\" data-element_type=\"column\" data-e-type=\"column\">\n\t\t\t<div class=\"elementor-widget-wrap elementor-element-populated\">\n\t\t\t\t\t\t<div class=\"elementor-element elementor-element-7e9a8fb7 elementor-widget elementor-widget-image\" data-id=\"7e9a8fb7\" data-element_type=\"widget\" data-e-type=\"widget\" data-widget_type=\"image.default\">\n\t\t\t\t<div class=\"elementor-widget-container\">\n\t\t\t\t\t\t\t\t\t\t\t\t\t\t\t\t<a href=\"https:\/\/casasmexico.mx\/\">\n\t\t\t\t\t\t\t<img decoding=\"async\" src=\"https:\/\/casasmexico.mx\/wp-content\/uploads\/elementor\/thumbs\/logosporsepardo-05-p2q6qobkq2swxj8ir5zll2wup8uf59uz1kle7v821o.png\" title=\"logosporsepardo-05\" alt=\"logosporsepardo-05\" loading=\"lazy\" \/>\t\t\t\t\t\t\t\t<\/a>\n\t\t\t\t\t\t\t\t\t\t\t\t\t\t\t<\/div>\n\t\t\t\t<\/div>\n\t\t\t\t\t<\/div>\n\t\t<\/div>\n\t\t\t\t<div class=\"elementor-column elementor-col-50 elementor-top-column elementor-element elementor-element-4cc8f68a\" data-id=\"4cc8f68a\" data-element_type=\"column\" data-e-type=\"column\">\n\t\t\t<div class=\"elementor-widget-wrap elementor-element-populated\">\n\t\t\t\t\t\t<div class=\"elementor-element elementor-element-5d6faa60 elementor-nav-menu__align-center elementor-nav-menu--dropdown-tablet elementor-nav-menu__text-align-aside elementor-nav-menu--toggle elementor-nav-menu--burger elementor-widget elementor-widget-nav-menu\" data-id=\"5d6faa60\" data-element_type=\"widget\" data-e-type=\"widget\" data-settings=\"{&quot;layout&quot;:&quot;horizontal&quot;,&quot;submenu_icon&quot;:{&quot;value&quot;:&quot;&lt;i class=\\&quot;fas fa-caret-down\\&quot;&gt;&lt;\\\/i&gt;&quot;,&quot;library&quot;:&quot;fa-solid&quot;},&quot;toggle&quot;:&quot;burger&quot;}\" data-widget_type=\"nav-menu.default\">\n\t\t\t\t<div class=\"elementor-widget-container\">\n\t\t\t\t\t\t\t\t<nav aria-label=\"Menu\" class=\"elementor-nav-menu--main elementor-nav-menu__container elementor-nav-menu--layout-horizontal e--pointer-underline e--animation-slide\">\n\t\t\t\t<ul id=\"menu-1-5d6faa60\" class=\"elementor-nav-menu\"><li class=\"menu-item menu-item-type-post_type menu-item-object-page menu-item-has-children menu-item-324\"><a href=\"https:\/\/casasmexico.mx\/?page_id=319\" class=\"elementor-item\">Propiedades<\/a>\n<ul class=\"sub-menu elementor-nav-menu--dropdown\">\n\t<li class=\"menu-item menu-item-type-post_type menu-item-object-page menu-item-316\"><a href=\"https:\/\/casasmexico.mx\/?page_id=265\" class=\"elementor-sub-item\">Casa Danubio<\/a><\/li>\n\t<li class=\"menu-item menu-item-type-post_type menu-item-object-page menu-item-314\"><a href=\"https:\/\/casasmexico.mx\/?page_id=270\" class=\"elementor-sub-item\">Casa Tur\u00edn<\/a><\/li>\n\t<li class=\"menu-item menu-item-type-post_type menu-item-object-page menu-item-315\"><a href=\"https:\/\/casasmexico.mx\/?page_id=268\" class=\"elementor-sub-item\">Casa P\u00e1nuco<\/a><\/li>\n\t<li class=\"menu-item menu-item-type-post_type menu-item-object-page menu-item-313\"><a href=\"https:\/\/casasmexico.mx\/?page_id=272\" class=\"elementor-sub-item\">Casa Ni\u00e1gara<\/a><\/li>\n<\/ul>\n<\/li>\n<li class=\"menu-item menu-item-type-post_type menu-item-object-page menu-item-328\"><a href=\"https:\/\/casasmexico.mx\/?page_id=326\" class=\"elementor-item\">Quienes somos<\/a><\/li>\n<li class=\"menu-item menu-item-type-post_type menu-item-object-page menu-item-325\"><a href=\"https:\/\/casasmexico.mx\/?page_id=317\" class=\"elementor-item\">Cont\u00e1ctanos<\/a><\/li>\n<li class=\"menu-item menu-item-type-post_type menu-item-object-page menu-item-323\"><a href=\"https:\/\/casasmexico.mx\/?page_id=321\" class=\"elementor-item\">FAQS<\/a><\/li>\n<\/ul>\t\t\t<\/nav>\n\t\t\t\t\t<div class=\"elementor-menu-toggle\" role=\"button\" tabindex=\"0\" aria-label=\"Menu Toggle\" aria-expanded=\"false\">\n\t\t\t<i aria-hidden=\"true\" role=\"presentation\" class=\"elementor-menu-toggle__icon--open eicon-menu-bar\"><\/i><i aria-hidden=\"true\" role=\"presentation\" class=\"elementor-menu-toggle__icon--close eicon-close\"><\/i>\t\t<\/div>\n\t\t\t\t\t<nav class=\"elementor-nav-menu--dropdown elementor-nav-menu__container\" aria-hidden=\"true\">\n\t\t\t\t<ul id=\"menu-2-5d6faa60\" class=\"elementor-nav-menu\"><li class=\"menu-item menu-item-type-post_type menu-item-object-page menu-item-has-children menu-item-324\"><a href=\"https:\/\/casasmexico.mx\/?page_id=319\" class=\"elementor-item\" tabindex=\"-1\">Propiedades<\/a>\n<ul class=\"sub-menu elementor-nav-menu--dropdown\">\n\t<li class=\"menu-item menu-item-type-post_type menu-item-object-page menu-item-316\"><a href=\"https:\/\/casasmexico.mx\/?page_id=265\" class=\"elementor-sub-item\" tabindex=\"-1\">Casa Danubio<\/a><\/li>\n\t<li class=\"menu-item menu-item-type-post_type menu-item-object-page menu-item-314\"><a href=\"https:\/\/casasmexico.mx\/?page_id=270\" class=\"elementor-sub-item\" tabindex=\"-1\">Casa Tur\u00edn<\/a><\/li>\n\t<li class=\"menu-item menu-item-type-post_type menu-item-object-page menu-item-315\"><a href=\"https:\/\/casasmexico.mx\/?page_id=268\" class=\"elementor-sub-item\" tabindex=\"-1\">Casa P\u00e1nuco<\/a><\/li>\n\t<li class=\"menu-item menu-item-type-post_type menu-item-object-page menu-item-313\"><a href=\"https:\/\/casasmexico.mx\/?page_id=272\" class=\"elementor-sub-item\" tabindex=\"-1\">Casa Ni\u00e1gara<\/a><\/li>\n<\/ul>\n<\/li>\n<li class=\"menu-item menu-item-type-post_type menu-item-object-page menu-item-328\"><a href=\"https:\/\/casasmexico.mx\/?page_id=326\" class=\"elementor-item\" tabindex=\"-1\">Quienes somos<\/a><\/li>\n<li class=\"menu-item menu-item-type-post_type menu-item-object-page menu-item-325\"><a href=\"https:\/\/casasmexico.mx\/?page_id=317\" class=\"elementor-item\" tabindex=\"-1\">Cont\u00e1ctanos<\/a><\/li>\n<li class=\"menu-item menu-item-type-post_type menu-item-object-page menu-item-323\"><a href=\"https:\/\/casasmexico.mx\/?page_id=321\" class=\"elementor-item\" tabindex=\"-1\">FAQS<\/a><\/li>\n<\/ul>\t\t\t<\/nav>\n\t\t\t\t\t\t<\/div>\n\t\t\t\t<\/div>\n\t\t\t\t\t<\/div>\n\t\t<\/div>\n\t\t\t\t\t<\/div>\n\t\t<\/section>\n\t\t\t\t<section class=\"elementor-section elementor-top-section elementor-element elementor-element-6e7e1e66 elementor-section-full_width elementor-section-height-default elementor-section-height-default\" data-id=\"6e7e1e66\" data-element_type=\"section\" data-e-type=\"section\">\n\t\t\t\t\t\t<div class=\"elementor-container elementor-column-gap-default\">\n\t\t\t\t\t<div class=\"elementor-column elementor-col-50 elementor-top-column elementor-element elementor-element-1ed84ca6\" data-id=\"1ed84ca6\" data-element_type=\"column\" data-e-type=\"column\">\n\t\t\t<div class=\"elementor-widget-wrap elementor-element-populated\">\n\t\t\t\t\t\t<div class=\"elementor-element elementor-element-29702f3 elementor-widget elementor-widget-image\" data-id=\"29702f3\" data-element_type=\"widget\" data-e-type=\"widget\" data-widget_type=\"image.default\">\n\t\t\t\t<div class=\"elementor-widget-container\">\n\t\t\t\t\t\t\t\t\t\t\t\t\t\t\t<img decoding=\"async\" src=\"https:\/\/casasmexico.mx\/wp-content\/uploads\/2021\/02\/21-1.jpg\" title=\"\" alt=\"\" loading=\"lazy\" \/>\t\t\t\t\t\t\t\t\t\t\t\t\t\t\t<\/div>\n\t\t\t\t<\/div>\n\t\t\t\t\t<\/div>\n\t\t<\/div>\n\t\t\t\t<div class=\"elementor-column elementor-col-50 elementor-top-column elementor-element elementor-element-1c2b044d\" data-id=\"1c2b044d\" data-element_type=\"column\" data-e-type=\"column\">\n\t\t\t<div class=\"elementor-widget-wrap elementor-element-populated\">\n\t\t\t\t\t\t<div class=\"elementor-element elementor-element-654f2995 elementor-widget elementor-widget-text-editor\" data-id=\"654f2995\" data-element_type=\"widget\" data-e-type=\"widget\" data-widget_type=\"text-editor.default\">\n\t\t\t\t<div class=\"elementor-widget-container\">\n\t\t\t\t\t\t\t\t\t<p class=\"MsoNormal\" style=\"text-align: justify;\">Somos un concepto de Coliving perfecto para tu visita a la Ciudad de M\u00e9xico y M\u00e9rida. Contamos con distintas propiedades con ubicaciones estrat\u00e9gicas como Pase de la Reforma, Colonia Ju\u00e1rez, Roma y Condesa. Cada una de nuestras propiedades cuenta con \u00e1reas comunes como rooftop y cocina para tu comodidad y descanso. Nuestro proceso de reserva es f\u00e1cil, seguro y con flexibilidad de tiempo; ya sea si vienes de vacaciones, negocios o estudios, tenemos habitaciones listas para ti.<\/p>\t\t\t\t\t\t\t\t<\/div>\n\t\t\t\t<\/div>\n\t\t\t\t\t<\/div>\n\t\t<\/div>\n\t\t\t\t\t<\/div>\n\t\t<\/section>\n\t\t\t\t<section class=\"elementor-section elementor-top-section elementor-element elementor-element-32db1040 elementor-section-full_width elementor-section-height-default elementor-section-height-default\" data-id=\"32db1040\" data-element_type=\"section\" data-e-type=\"section\">\n\t\t\t\t\t\t<div class=\"elementor-container elementor-column-gap-no\">\n\t\t\t\t\t<div class=\"elementor-column elementor-col-100 elementor-top-column elementor-element elementor-element-6311e704\" data-id=\"6311e704\" data-element_type=\"column\" data-e-type=\"column\">\n\t\t\t<div class=\"elementor-widget-wrap elementor-element-populated\">\n\t\t\t\t\t\t<div class=\"elementor-element elementor-element-26097d80 elementor-invisible elementor-widget elementor-widget-image\" data-id=\"26097d80\" data-element_type=\"widget\" data-e-type=\"widget\" data-settings=\"{&quot;motion_fx_motion_fx_scrolling&quot;:&quot;yes&quot;,&quot;motion_fx_range&quot;:&quot;viewport&quot;,&quot;_animation&quot;:&quot;rotateInDownRight&quot;,&quot;motion_fx_devices&quot;:[&quot;desktop&quot;,&quot;tablet&quot;,&quot;mobile&quot;]}\" data-widget_type=\"image.default\">\n\t\t\t\t<div class=\"elementor-widget-container\">\n\t\t\t\t\t\t\t\t\t\t\t\t\t\t\t<img decoding=\"async\" src=\"https:\/\/casasmexico.mx\/wp-content\/uploads\/elementor\/thumbs\/CasasMx-Feb-2023-Image-1150-r46be94u74o158nc2b6rei21aj1lprtzisk35xb4pg.jpg\" title=\"CasasMx Feb 2023 Image 1150\" alt=\"CasasMx Feb 2023 Image 1150\" loading=\"lazy\" \/>\t\t\t\t\t\t\t\t\t\t\t\t\t\t\t<\/div>\n\t\t\t\t<\/div>\n\t\t\t\t\t<\/div>\n\t\t<\/div>\n\t\t\t\t\t<\/div>\n\t\t<\/section>\n\t\t\t\t<section class=\"elementor-section elementor-top-section elementor-element elementor-element-1950963b elementor-section-full_width elementor-section-height-default elementor-section-height-default\" data-id=\"1950963b\" data-element_type=\"section\" data-e-type=\"section\">\n\t\t\t\t\t\t<div class=\"elementor-container elementor-column-gap-default\">\n\t\t\t\t\t<div class=\"elementor-column elementor-col-33 elementor-top-column elementor-element elementor-element-68c4db3c\" data-id=\"68c4db3c\" data-element_type=\"column\" data-e-type=\"column\">\n\t\t\t<div class=\"elementor-widget-wrap elementor-element-populated\">\n\t\t\t\t\t\t<section class=\"elementor-section elementor-inner-section elementor-element elementor-element-52ad0834 elementor-section-height-min-height elementor-section-boxed elementor-section-height-default\" data-id=\"52ad0834\" data-element_type=\"section\" data-e-type=\"section\" data-settings=\"{&quot;motion_fx_motion_fx_scrolling&quot;:&quot;yes&quot;,&quot;motion_fx_translateY_effect&quot;:&quot;yes&quot;,&quot;motion_fx_translateY_direction&quot;:&quot;negative&quot;,&quot;motion_fx_translateY_speed&quot;:{&quot;unit&quot;:&quot;px&quot;,&quot;size&quot;:&quot;1&quot;,&quot;sizes&quot;:[]},&quot;motion_fx_devices&quot;:[&quot;desktop&quot;],&quot;motion_fx_translateY_affectedRange&quot;:{&quot;unit&quot;:&quot;%&quot;,&quot;size&quot;:&quot;&quot;,&quot;sizes&quot;:{&quot;start&quot;:0,&quot;end&quot;:100}}}\">\n\t\t\t\t\t\t<div class=\"elementor-container elementor-column-gap-default\">\n\t\t\t\t\t<div class=\"elementor-column elementor-col-100 elementor-inner-column elementor-element elementor-element-424ceafe\" data-id=\"424ceafe\" data-element_type=\"column\" data-e-type=\"column\">\n\t\t\t<div class=\"elementor-widget-wrap elementor-element-populated\">\n\t\t\t\t\t\t<div class=\"elementor-element elementor-element-425217c0 elementor-widget elementor-widget-heading\" data-id=\"425217c0\" data-element_type=\"widget\" data-e-type=\"widget\" data-widget_type=\"heading.default\">\n\t\t\t\t<div class=\"elementor-widget-container\">\n\t\t\t\t\t<h2 class=\"elementor-heading-title elementor-size-default\">HABITACIONES <b>LISTAS <\/b><\/h2>\t\t\t\t<\/div>\n\t\t\t\t<\/div>\n\t\t\t\t<div class=\"elementor-element elementor-element-5d44e094 elementor-widget elementor-widget-text-editor\" data-id=\"5d44e094\" data-element_type=\"widget\" data-e-type=\"widget\" data-widget_type=\"text-editor.default\">\n\t\t\t\t<div class=\"elementor-widget-container\">\n\t\t\t\t\t\t\t\t\t<p class=\"MsoNormal\" style=\"text-align: justify;\">No te preocupes por los muebles ni servicios adicionales a contratar, contamos con los siguientes servicios: habitaciones amuebladas con terraza, balc\u00f3n, vistas a la calle, ba\u00f1o compartido o propio, cocineta o con cocina completa y lofts. \u00c1reas comunes como: roof garden, sala com\u00fan, estancia, cocina y comedor.<\/p><p class=\"MsoNormal\" style=\"text-align: justify;\">Adem\u00e1s de la posibilidad de cambiarte de ubicaci\u00f3n o habitaci\u00f3n. Servicios incluidos como: Wifi, limpieza en habitaci\u00f3n y cambio de sabanas (estancias largas), para que puedas dedicar tu tiempo a lo que importa.<\/p>\t\t\t\t\t\t\t\t<\/div>\n\t\t\t\t<\/div>\n\t\t\t\t\t<\/div>\n\t\t<\/div>\n\t\t\t\t\t<\/div>\n\t\t<\/section>\n\t\t\t\t\t<\/div>\n\t\t<\/div>\n\t\t\t\t<div class=\"elementor-column elementor-col-33 elementor-top-column elementor-element elementor-element-75a5182a\" data-id=\"75a5182a\" data-element_type=\"column\" data-e-type=\"column\">\n\t\t\t<div class=\"elementor-widget-wrap elementor-element-populated\">\n\t\t\t\t\t\t<div class=\"elementor-element elementor-element-5fa93dd6 elementor-invisible elementor-widget elementor-widget-image\" data-id=\"5fa93dd6\" data-element_type=\"widget\" data-e-type=\"widget\" data-settings=\"{&quot;_animation&quot;:&quot;zoomInUp&quot;}\" data-widget_type=\"image.default\">\n\t\t\t\t<div class=\"elementor-widget-container\">\n\t\t\t\t\t\t\t\t\t\t\t\t\t\t\t<img fetchpriority=\"high\" decoding=\"async\" width=\"940\" height=\"788\" src=\"https:\/\/casasmexico.mx\/wp-content\/uploads\/2022\/06\/uxmal-mexico-5.png\" class=\"attachment-full size-full wp-image-2063\" alt=\"\" srcset=\"https:\/\/casasmexico.mx\/wp-content\/uploads\/2022\/06\/uxmal-mexico-5.png 940w, https:\/\/casasmexico.mx\/wp-content\/uploads\/2022\/06\/uxmal-mexico-5-300x251.png 300w, https:\/\/casasmexico.mx\/wp-content\/uploads\/2022\/06\/uxmal-mexico-5-768x644.png 768w\" sizes=\"(max-width: 940px) 100vw, 940px\" \/>\t\t\t\t\t\t\t\t\t\t\t\t\t\t\t<\/div>\n\t\t\t\t<\/div>\n\t\t\t\t<div class=\"elementor-element elementor-element-41be001d elementor-invisible elementor-widget elementor-widget-image\" data-id=\"41be001d\" data-element_type=\"widget\" data-e-type=\"widget\" data-settings=\"{&quot;_animation&quot;:&quot;zoomInRight&quot;}\" data-widget_type=\"image.default\">\n\t\t\t\t<div class=\"elementor-widget-container\">\n\t\t\t\t\t\t\t\t\t\t\t\t\t\t\t<img decoding=\"async\" width=\"940\" height=\"788\" src=\"https:\/\/casasmexico.mx\/wp-content\/uploads\/2022\/06\/Diseno-sin-titulo-12.png\" class=\"attachment-full size-full wp-image-1986\" alt=\"\" srcset=\"https:\/\/casasmexico.mx\/wp-content\/uploads\/2022\/06\/Diseno-sin-titulo-12.png 940w, https:\/\/casasmexico.mx\/wp-content\/uploads\/2022\/06\/Diseno-sin-titulo-12-300x251.png 300w, https:\/\/casasmexico.mx\/wp-content\/uploads\/2022\/06\/Diseno-sin-titulo-12-768x644.png 768w\" sizes=\"(max-width: 940px) 100vw, 940px\" \/>\t\t\t\t\t\t\t\t\t\t\t\t\t\t\t<\/div>\n\t\t\t\t<\/div>\n\t\t\t\t\t<\/div>\n\t\t<\/div>\n\t\t\t\t<div class=\"elementor-column elementor-col-33 elementor-top-column elementor-element elementor-element-3209a93a\" data-id=\"3209a93a\" data-element_type=\"column\" data-e-type=\"column\">\n\t\t\t<div class=\"elementor-widget-wrap elementor-element-populated\">\n\t\t\t\t\t\t<div class=\"elementor-element elementor-element-49dce6d8 elementor-widget elementor-widget-image\" data-id=\"49dce6d8\" data-element_type=\"widget\" data-e-type=\"widget\" data-widget_type=\"image.default\">\n\t\t\t\t<div class=\"elementor-widget-container\">\n\t\t\t\t\t\t\t\t\t\t\t\t\t\t\t<img decoding=\"async\" src=\"https:\/\/casasmexico.mx\/wp-content\/uploads\/2021\/02\/2-1.png\" title=\"\" alt=\"\" loading=\"lazy\" \/>\t\t\t\t\t\t\t\t\t\t\t\t\t\t\t<\/div>\n\t\t\t\t<\/div>\n\t\t\t\t<div class=\"elementor-element elementor-element-36eac52 elementor-invisible elementor-widget elementor-widget-image\" data-id=\"36eac52\" data-element_type=\"widget\" data-e-type=\"widget\" data-settings=\"{&quot;_animation&quot;:&quot;zoomIn&quot;}\" data-widget_type=\"image.default\">\n\t\t\t\t<div class=\"elementor-widget-container\">\n\t\t\t\t\t\t\t\t\t\t\t\t\t\t\t<img decoding=\"async\" width=\"940\" height=\"788\" src=\"https:\/\/casasmexico.mx\/wp-content\/uploads\/2022\/06\/san-cristobal-mexico-3.png\" class=\"attachment-full size-full wp-image-2054\" alt=\"\" srcset=\"https:\/\/casasmexico.mx\/wp-content\/uploads\/2022\/06\/san-cristobal-mexico-3.png 940w, https:\/\/casasmexico.mx\/wp-content\/uploads\/2022\/06\/san-cristobal-mexico-3-300x251.png 300w, https:\/\/casasmexico.mx\/wp-content\/uploads\/2022\/06\/san-cristobal-mexico-3-768x644.png 768w\" sizes=\"(max-width: 940px) 100vw, 940px\" \/>\t\t\t\t\t\t\t\t\t\t\t\t\t\t\t<\/div>\n\t\t\t\t<\/div>\n\t\t\t\t<div class=\"elementor-element elementor-element-5620111 elementor-invisible elementor-widget elementor-widget-image\" data-id=\"5620111\" data-element_type=\"widget\" data-e-type=\"widget\" data-settings=\"{&quot;_animation&quot;:&quot;zoomInDown&quot;}\" data-widget_type=\"image.default\">\n\t\t\t\t<div class=\"elementor-widget-container\">\n\t\t\t\t\t\t\t\t\t\t\t\t\t\t\t<img loading=\"lazy\" decoding=\"async\" width=\"1080\" height=\"1080\" src=\"https:\/\/casasmexico.mx\/wp-content\/uploads\/2022\/06\/Diseno-sin-titulo-6.png\" class=\"attachment-full size-full wp-image-1869\" alt=\"donde vivir\" srcset=\"https:\/\/casasmexico.mx\/wp-content\/uploads\/2022\/06\/Diseno-sin-titulo-6.png 1080w, https:\/\/casasmexico.mx\/wp-content\/uploads\/2022\/06\/Diseno-sin-titulo-6-300x300.png 300w, https:\/\/casasmexico.mx\/wp-content\/uploads\/2022\/06\/Diseno-sin-titulo-6-1024x1024.png 1024w, https:\/\/casasmexico.mx\/wp-content\/uploads\/2022\/06\/Diseno-sin-titulo-6-150x150.png 150w, https:\/\/casasmexico.mx\/wp-content\/uploads\/2022\/06\/Diseno-sin-titulo-6-768x768.png 768w\" sizes=\"(max-width: 1080px) 100vw, 1080px\" \/>\t\t\t\t\t\t\t\t\t\t\t\t\t\t\t<\/div>\n\t\t\t\t<\/div>\n\t\t\t\t\t<\/div>\n\t\t<\/div>\n\t\t\t\t\t<\/div>\n\t\t<\/section>\n\t\t\t\t<section class=\"elementor-section elementor-top-section elementor-element elementor-element-55a772fb elementor-section-content-middle elementor-section-full_width elementor-section-height-default elementor-section-height-default\" data-id=\"55a772fb\" data-element_type=\"section\" data-e-type=\"section\" data-settings=\"{&quot;background_background&quot;:&quot;classic&quot;,&quot;shape_divider_top&quot;:&quot;tilt&quot;}\">\n\t\t\t\t\t<div class=\"elementor-shape elementor-shape-top\" aria-hidden=\"true\" data-negative=\"false\">\n\t\t\t<svg xmlns=\"http:\/\/www.w3.org\/2000\/svg\" viewBox=\"0 0 1000 100\" preserveAspectRatio=\"none\">\n\t<path class=\"elementor-shape-fill\" d=\"M0,6V0h1000v100L0,6z\"\/>\n<\/svg>\t\t<\/div>\n\t\t\t\t\t<div class=\"elementor-container elementor-column-gap-default\">\n\t\t\t\t\t<div class=\"elementor-column elementor-col-50 elementor-top-column elementor-element elementor-element-7a4f4ba0\" data-id=\"7a4f4ba0\" data-element_type=\"column\" data-e-type=\"column\">\n\t\t\t<div class=\"elementor-widget-wrap elementor-element-populated\">\n\t\t\t\t\t\t<div class=\"elementor-element elementor-element-7dadae2c elementor-icon-list--layout-inline elementor-mobile-align-center elementor-align-start elementor-list-item-link-full_width elementor-widget elementor-widget-icon-list\" data-id=\"7dadae2c\" data-element_type=\"widget\" data-e-type=\"widget\" data-widget_type=\"icon-list.default\">\n\t\t\t\t<div class=\"elementor-widget-container\">\n\t\t\t\t\t\t\t<ul class=\"elementor-icon-list-items elementor-inline-items\">\n\t\t\t\t\t\t\t<li class=\"elementor-icon-list-item elementor-inline-item\">\n\t\t\t\t\t\t\t\t\t\t\t<a href=\"https:\/\/www.facebook.com\/casasmexico.mx.hotel.casa.panuco\/\" target=\"_blank\">\n\n\t\t\t\t\t\t\t\t\t\t\t<span class=\"elementor-icon-list-text\">Facebook<\/span>\n\t\t\t\t\t\t\t\t\t\t\t<\/a>\n\t\t\t\t\t\t\t\t\t<\/li>\n\t\t\t\t\t\t\t\t<li class=\"elementor-icon-list-item elementor-inline-item\">\n\t\t\t\t\t\t\t\t\t\t\t<a href=\"https:\/\/www.instagram.com\/casasmexicomx\/\" target=\"_blank\">\n\n\t\t\t\t\t\t\t\t\t\t\t<span class=\"elementor-icon-list-text\">Instagram<\/span>\n\t\t\t\t\t\t\t\t\t\t\t<\/a>\n\t\t\t\t\t\t\t\t\t<\/li>\n\t\t\t\t\t\t<\/ul>\n\t\t\t\t\t\t<\/div>\n\t\t\t\t<\/div>\n\t\t\t\t<div class=\"elementor-element elementor-element-ceca161 elementor-widget elementor-widget-spacer\" data-id=\"ceca161\" data-element_type=\"widget\" data-e-type=\"widget\" data-widget_type=\"spacer.default\">\n\t\t\t\t<div class=\"elementor-widget-container\">\n\t\t\t\t\t\t\t<div class=\"elementor-spacer\">\n\t\t\t<div class=\"elementor-spacer-inner\"><\/div>\n\t\t<\/div>\n\t\t\t\t\t\t<\/div>\n\t\t\t\t<\/div>\n\t\t\t\t<div class=\"elementor-element elementor-element-4c71b6cb elementor-widget elementor-widget-heading\" data-id=\"4c71b6cb\" data-element_type=\"widget\" data-e-type=\"widget\" data-widget_type=\"heading.default\">\n\t\t\t\t<div class=\"elementor-widget-container\">\n\t\t\t\t\t<p class=\"elementor-heading-title elementor-size-default\">\u00a9 2021 Casas M\u00e9xico. <\/p>\t\t\t\t<\/div>\n\t\t\t\t<\/div>\n\t\t\t\t\t<\/div>\n\t\t<\/div>\n\t\t\t\t<div class=\"elementor-column elementor-col-50 elementor-top-column elementor-element elementor-element-603cb79\" data-id=\"603cb79\" data-element_type=\"column\" data-e-type=\"column\">\n\t\t\t<div class=\"elementor-widget-wrap elementor-element-populated\">\n\t\t\t\t\t\t<div class=\"elementor-element elementor-element-7856618a elementor-view-default elementor-widget elementor-widget-icon\" data-id=\"7856618a\" data-element_type=\"widget\" data-e-type=\"widget\" data-widget_type=\"icon.default\">\n\t\t\t\t<div class=\"elementor-widget-container\">\n\t\t\t\t\t\t\t<div class=\"elementor-icon-wrapper\">\n\t\t\t<a class=\"elementor-icon elementor-animation-grow\" href=\"#\">\n\t\t\t<i aria-hidden=\"true\" class=\"fas fa-angle-double-up\"><\/i>\t\t\t<\/a>\n\t\t<\/div>\n\t\t\t\t\t\t<\/div>\n\t\t\t\t<\/div>\n\t\t\t\t<div class=\"elementor-element elementor-element-28dc26cd elementor-widget elementor-widget-heading\" data-id=\"28dc26cd\" data-element_type=\"widget\" data-e-type=\"widget\" data-widget_type=\"heading.default\">\n\t\t\t\t<div class=\"elementor-widget-container\">\n\t\t\t\t\t<p class=\"elementor-heading-title elementor-size-default\">Aviso de Privacidad<\/p>\t\t\t\t<\/div>\n\t\t\t\t<\/div>\n\t\t\t\t\t<\/div>\n\t\t<\/div>\n\t\t\t\t\t<\/div>\n\t\t<\/section>\n\t\t\t\t<\/div>\n\t\t","protected":false},"excerpt":{"rendered":"<p>Somos un concepto de Coliving perfecto para tu visita a la Ciudad de M\u00e9xico y M\u00e9rida. Contamos con distintas propiedades con ubicaciones estrat\u00e9gicas como Pase de la Reforma, Colonia Ju\u00e1rez, Roma y Condesa. Cada una de nuestras propiedades cuenta con \u00e1reas comunes como rooftop y cocina para tu comodidad y descanso. Nuestro proceso de reserva &hellip; <\/p>\n<p class=\"link-more\"><a href=\"https:\/\/casasmexico.mx\/?page_id=326\" class=\"more-link\">Seguir leyendo<span class=\"screen-reader-text\"> \u00abQuienes somos\u00bb<\/span><\/a><\/p>\n","protected":false},"author":1,"featured_media":0,"parent":0,"menu_order":0,"comment_status":"closed","ping_status":"closed","template":"elementor_canvas","meta":{"footnotes":""},"class_list":["post-326","page","type-page","status-publish","hentry","entry"],"_links":{"self":[{"href":"https:\/\/casasmexico.mx\/index.php?rest_route=\/wp\/v2\/pages\/326","targetHints":{"allow":["GET"]}}],"collection":[{"href":"https:\/\/casasmexico.mx\/index.php?rest_route=\/wp\/v2\/pages"}],"about":[{"href":"https:\/\/casasmexico.mx\/index.php?rest_route=\/wp\/v2\/types\/page"}],"author":[{"embeddable":true,"href":"https:\/\/casasmexico.mx\/index.php?rest_route=\/wp\/v2\/users\/1"}],"replies":[{"embeddable":true,"href":"https:\/\/casasmexico.mx\/index.php?rest_route=%2Fwp%2Fv2%2Fcomments&post=326"}],"version-history":[{"count":121,"href":"https:\/\/casasmexico.mx\/index.php?rest_route=\/wp\/v2\/pages\/326\/revisions"}],"predecessor-version":[{"id":2216,"href":"https:\/\/casasmexico.mx\/index.php?rest_route=\/wp\/v2\/pages\/326\/revisions\/2216"}],"wp:attachment":[{"href":"https:\/\/casasmexico.mx\/index.php?rest_route=%2Fwp%2Fv2%2Fmedia&parent=326"}],"curies":[{"name":"wp","href":"https:\/\/api.w.org\/{rel}","templated":true}]}}